{"id":234,"date":"2019-03-15T05:08:32","date_gmt":"2019-03-15T05:08:32","guid":{"rendered":"https:\/\/demo.themefreesia.com\/shoppingcart\/?page_id=2"},"modified":"2026-02-17T14:02:15","modified_gmt":"2026-02-17T17:02:15","slug":"pago","status":"publish","type":"page","link":"https:\/\/woo.smartel.com.uy\/uy\/pago\/","title":{"rendered":"Informaci\u00f3n de Pago y env\u00edo"},"content":{"rendered":"<p style=\"text-align: justify;\"><strong>PAGO CON D\u00c9BITO O CR\u00c9DITO NO NECESITA VENIR PERSONALMENTE<\/strong><\/p>\n<p style=\"text-align: justify;\">Al momento de realizar la compra por la p\u00e1gina web, avisa que realizar\u00e1 el pago en forma remota y le enviamos por whatsapp o correo electr\u00f3nico un link de pago seguro, donde podr\u00e1 elegir la tarjeta, y cantidad de cuotas hasta 6. *<\/p>\n<p style=\"text-align: justify;\"><strong>PAGO CON GIROS BANCARIOS BROU y SANTANDER EN D\u00d3LARES<\/strong><\/p>\n<p style=\"text-align: justify;\"><strong>BROU<\/strong> D\u00f3lares CC 001532143-00001 (anterior 192-0006401)<\/p>\n<p><strong>Banco SANTANDER<\/strong> sucursal <strong>74<\/strong>\u00a0 CA USD 005207345891<\/p>\n<p>* Se env\u00eda link de pago por whatsapp sistema GETNET del Banco Santander para tarjetas<strong>\u00a0de d\u00e9bito y cr\u00e9dito<\/strong>\u00a0en d\u00f3lares<strong>.<\/strong><\/p>\n<p style=\"text-align: justify;\">*** NO SE RECIBEN CHEQUES DE TERCERO COMO FORMA DE PAGO ***<\/p>\n<p style=\"text-align: justify;\"><strong>Env\u00edo<\/strong><\/p>\n<p style=\"text-align: justify;\">Los paquetes se env\u00edan dentro de las 24 horas siguientes a la recepci\u00f3n del pago, mediante el servicio de la empresa Mirtrans que retira a la hora 14:00 de lunes a viernes, si hace la compra despu\u00e9s de esa hora se despachan el d\u00eda siguiente.<\/p>\n<p style=\"text-align: justify;\"><strong>Devoluciones<\/strong><\/p>\n<p style=\"text-align: justify;\">Si el material recibido no coincide con la compra por un error en el env\u00edo, tiene hasta <strong>5 d\u00edas<\/strong> para realizar la devoluci\u00f3n tom\u00e1ndose la fecha y hora de recibido como el primer inicio del plazo.<\/p>\n<p style=\"text-align: justify;\"><strong>Garant\u00eda<\/strong><\/p>\n<p style=\"text-align: justify;\">Todos los productos tienen garant\u00eda ante una falla en su fabricaci\u00f3n y es ofrecida directamente por los FABRICANTES. Legalmente el cliente tiene <strong>5 d\u00edas<\/strong> para hacer las pruebas necesarias que verifiquen el correcto funcionamiento o alertar de una falla de f\u00e1brica enviando correo a compras@smartel.com.uy con toda la informaci\u00f3n. El mal uso, desconocimiento o da\u00f1os por no haber le\u00eddo el manual no generan derecho a garant\u00eda.<\/p>\n<p style=\"text-align: justify;\">Da\u00f1os causados por abrir y modificar un equipo, o las consecuencias de instalar nuevo firmware no se consideran como fallas en la fabricaci\u00f3n y no son cubiertas por la garant\u00eda que entrega la f\u00e1brica.<\/p>\n<p style=\"text-align: justify;\">Luego de ese plazo de 5 d\u00edas se entiende que el equipo no tiene fallas de f\u00e1brica y que el da\u00f1o fue causado por mal uso o por la utilizaci\u00f3n con elementos externos no adecuados.<\/p>\n<p style=\"text-align: justify;\">En el caso de equipos transceptores, recordar que en todos los casos, por cada minuto de transmisi\u00f3n el equipo necesita 3 minutos en recepci\u00f3n para disipar el calor generado y que la antena debe estar ajustada a la frecuencia de uso.<\/p>\n<p style=\"text-align: justify;\">Los equipos port\u00e1tiles banda corrida para uso de radioaficionados vienen con antenas que <strong>solamente<\/strong> funcionan dentro de las bandas de radioaficionados, hacerlos transmitir fuera de la banda aumenta los riesgos de da\u00f1ar la etapa de potencia. Se puede comprar en forma adicional antenas para otras frecuencias. No se recomienda usar con antenas externas como m\u00f3viles o base, y el usuario lo hace bajo su propia responsabilidad.<\/p>\n<p style=\"text-align: justify;\">Smartel Comunicaciones como importadora, cumple solamente con el servicio de trasladar los productos desde la f\u00e1brica hasta las oficinas de la empresa, conservando las mismas condiciones de integridad que garantiz\u00f3 el fabricante. Consultas, dudas o sugerencias contactar directamente a la f\u00e1brica de los productos. (Ley del Consumidor de Uruguay).<\/p>\n<p style=\"text-align: justify;\">Los compradores que a pagan a cr\u00e9dito (empresas u organismos p\u00fablicos), y pagan despu\u00e9s del plazo convenido, pierden total garant\u00eda de los productos adquiridos como pena por incumplimiento en el plazo de pago sin derecho a reclamo alguno.<\/p>\n<p style=\"text-align: justify;\"><strong>Aviso Legal<\/strong><\/p>\n<p style=\"text-align: justify;\">Los precios publicados incluyen IVA 22% vigente en la Rep\u00fablica Oriental del Uruguay, el pago de las facturas debe ser realizado en d\u00f3lares por cualquiera de los medios de pago utilizados; el pago con Paypal tiene <strong>5% de recargo<\/strong> por costos de comisi\u00f3n.<\/p>\n<p style=\"text-align: justify;\">Todas las ventas ser\u00e1n realizadas con Factura Electr\u00f3nica, quienes tengan RUT se solicita ingresen la informaci\u00f3n en la orden y la misma ser\u00e1 enviada por correo electr\u00f3nico.<\/p>\n<p style=\"text-align: justify;\">Los precios publicados son por pago Contado, otros medios de pago a cr\u00e9dito, cheques diferidos, \u00f3rdenes de compra, pagos SIIF, etc. compras de organismos p\u00fablicos o privados pueden tener recargos. Las promociones y ofertas son solamente pago contado y no aplican con pagos a cr\u00e9dito.<\/p>\n","protected":false},"excerpt":{"rendered":"<p>PAGO CON D\u00c9BITO O CR\u00c9DITO NO NECESITA VENIR PERSONALMENTE Al momento de realizar la compra por la p\u00e1gina web, avisa que realizar\u00e1 el pago en forma remota y le enviamos por whatsapp o correo electr\u00f3nico un link de pago seguro, donde podr\u00e1 elegir la tarjeta, y cantidad de cuotas hasta&hellip; <\/p>\n","protected":false},"author":1,"featured_media":0,"parent":0,"menu_order":0,"comment_status":"closed","ping_status":"open","template":"","meta":{"content-type":"","footnotes":""},"class_list":["post-234","page","type-page","status-publish","hentry"],"_links":{"self":[{"href":"https:\/\/woo.smartel.com.uy\/uy\/wp-json\/wp\/v2\/pages\/234","targetHints":{"allow":["GET"]}}],"collection":[{"href":"https:\/\/woo.smartel.com.uy\/uy\/wp-json\/wp\/v2\/pages"}],"about":[{"href":"https:\/\/woo.smartel.com.uy\/uy\/wp-json\/wp\/v2\/types\/page"}],"author":[{"embeddable":true,"href":"https:\/\/woo.smartel.com.uy\/uy\/wp-json\/wp\/v2\/users\/1"}],"replies":[{"embeddable":true,"href":"https:\/\/woo.smartel.com.uy\/uy\/wp-json\/wp\/v2\/comments?post=234"}],"version-history":[{"count":21,"href":"https:\/\/woo.smartel.com.uy\/uy\/wp-json\/wp\/v2\/pages\/234\/revisions"}],"predecessor-version":[{"id":5444,"href":"https:\/\/woo.smartel.com.uy\/uy\/wp-json\/wp\/v2\/pages\/234\/revisions\/5444"}],"wp:attachment":[{"href":"https:\/\/woo.smartel.com.uy\/uy\/wp-json\/wp\/v2\/media?parent=234"}],"curies":[{"name":"wp","href":"https:\/\/api.w.org\/{rel}","templated":true}]}}