{"id":1166,"date":"2023-10-16T13:07:26","date_gmt":"2023-10-16T16:07:26","guid":{"rendered":"https:\/\/woo.smartel.com.uy\/uy\/product\/baliza-solar-con-led-para-senalizacion\/"},"modified":"2026-03-25T11:15:33","modified_gmt":"2026-03-25T14:15:33","slug":"baliza-solar-con-led-para-senalizacion","status":"publish","type":"product","link":"https:\/\/woo.smartel.com.uy\/uy\/product\/baliza-solar-con-led-para-senalizacion\/","title":{"rendered":"Baliza Solar con LED para se\u00f1alizaci\u00f3n"},"content":{"rendered":"<p>Di\u00e1metro: 125 mm Altura: 115 m<br \/>\nPanel solar: 5V95MA<br \/>\nBater\u00eda de litio 1600MAH<br \/>\nFlash estrobosc\u00f3pico en modo resplandor apagado<br \/>\nPantalla de PC con base de ABS<br \/>\nDistancia visual: 500 metros<\/p>\n","protected":false},"excerpt":{"rendered":"<p>Di\u00e1metro: 125 mm Altura: 115 m Panel solar: 5V95MA Bater\u00eda de litio 1600MAH Flash estrobosc\u00f3pico en modo resplandor apagado Pantalla de PC con base de ABS Distancia visual: 500 metros<\/p>\n","protected":false},"featured_media":2131,"comment_status":"open","ping_status":"closed","template":"","meta":{"content-type":""},"product_brand":[],"product_cat":[43],"product_tag":[],"class_list":{"0":"post-1166","1":"product","2":"type-product","3":"status-publish","4":"has-post-thumbnail","6":"product_cat-electricidad","8":"first","9":"instock","10":"taxable","11":"shipping-taxable","12":"purchasable","13":"product-type-simple"},"_links":{"self":[{"href":"https:\/\/woo.smartel.com.uy\/uy\/wp-json\/wp\/v2\/product\/1166","targetHints":{"allow":["GET"]}}],"collection":[{"href":"https:\/\/woo.smartel.com.uy\/uy\/wp-json\/wp\/v2\/product"}],"about":[{"href":"https:\/\/woo.smartel.com.uy\/uy\/wp-json\/wp\/v2\/types\/product"}],"replies":[{"embeddable":true,"href":"https:\/\/woo.smartel.com.uy\/uy\/wp-json\/wp\/v2\/comments?post=1166"}],"wp:featuredmedia":[{"embeddable":true,"href":"https:\/\/woo.smartel.com.uy\/uy\/wp-json\/wp\/v2\/media\/2131"}],"wp:attachment":[{"href":"https:\/\/woo.smartel.com.uy\/uy\/wp-json\/wp\/v2\/media?parent=1166"}],"wp:term":[{"taxonomy":"product_brand","embeddable":true,"href":"https:\/\/woo.smartel.com.uy\/uy\/wp-json\/wp\/v2\/product_brand?post=1166"},{"taxonomy":"product_cat","embeddable":true,"href":"https:\/\/woo.smartel.com.uy\/uy\/wp-json\/wp\/v2\/product_cat?post=1166"},{"taxonomy":"product_tag","embeddable":true,"href":"https:\/\/woo.smartel.com.uy\/uy\/wp-json\/wp\/v2\/product_tag?post=1166"}],"curies":[{"name":"wp","href":"https:\/\/api.w.org\/{rel}","templated":true}]}}