{"id":1546,"date":"2023-10-16T13:25:52","date_gmt":"2023-10-16T16:25:52","guid":{"rendered":"https:\/\/woo.smartel.com.uy\/uy\/product\/antena-gsm-3g-4g-698-a-2700mhz-12-dbi-100w\/"},"modified":"2026-02-26T15:32:50","modified_gmt":"2026-02-26T18:32:50","slug":"antena-gsm-3g-4g-698-a-2700mhz-12-dbi-100w","status":"publish","type":"product","link":"https:\/\/woo.smartel.com.uy\/uy\/product\/antena-gsm-3g-4g-698-a-2700mhz-12-dbi-100w\/","title":{"rendered":"Antena  GSM\/3G\/4G  698 a 2700MHz  12 dBi 100w"},"content":{"rendered":"<p>Rango de frecuencia (MHz): 698-2700<br \/>\nGanancia (dBi): 12<br \/>\nAncho del haz de media potencia (\u00b0): Horz: 63 Ver: 49<br \/>\nRelaci\u00f3n de adelante hacia atr\u00e1s (dB): \u226518<br \/>\nVSWR: \u22642.0<br \/>\nPotencia m\u00e1xima de entrada (W): 100<br \/>\nProtecci\u00f3n de iluminaci\u00f3n: tierra directa<br \/>\nConector: N-Female con cable de 4 metros de longitud<br \/>\nAltura \u00d7 ancho \u00d7 profundidad (mm): 445 \u00d7 210 \u00d7 64<br \/>\nMaterial reflector \/ radomo: aleaci\u00f3n de aluminio \/ PVC<br \/>\nRadomo color: blanco<br \/>\nHerrajes de montaje (mm): \u00d830-\u00d844<br \/>\nMeshtastic<\/p>\n","protected":false},"excerpt":{"rendered":"<p>Incluye 4m de cable coaxial<\/p>\n","protected":false},"featured_media":4915,"comment_status":"open","ping_status":"closed","template":"","meta":{"content-type":""},"product_brand":[],"product_cat":[55],"product_tag":[],"class_list":{"0":"post-1546","1":"product","2":"type-product","3":"status-publish","4":"has-post-thumbnail","6":"product_cat-antenas","8":"first","9":"outofstock","10":"taxable","11":"shipping-taxable","12":"purchasable","13":"product-type-simple"},"_links":{"self":[{"href":"https:\/\/woo.smartel.com.uy\/uy\/wp-json\/wp\/v2\/product\/1546","targetHints":{"allow":["GET"]}}],"collection":[{"href":"https:\/\/woo.smartel.com.uy\/uy\/wp-json\/wp\/v2\/product"}],"about":[{"href":"https:\/\/woo.smartel.com.uy\/uy\/wp-json\/wp\/v2\/types\/product"}],"replies":[{"embeddable":true,"href":"https:\/\/woo.smartel.com.uy\/uy\/wp-json\/wp\/v2\/comments?post=1546"}],"wp:featuredmedia":[{"embeddable":true,"href":"https:\/\/woo.smartel.com.uy\/uy\/wp-json\/wp\/v2\/media\/4915"}],"wp:attachment":[{"href":"https:\/\/woo.smartel.com.uy\/uy\/wp-json\/wp\/v2\/media?parent=1546"}],"wp:term":[{"taxonomy":"product_brand","embeddable":true,"href":"https:\/\/woo.smartel.com.uy\/uy\/wp-json\/wp\/v2\/product_brand?post=1546"},{"taxonomy":"product_cat","embeddable":true,"href":"https:\/\/woo.smartel.com.uy\/uy\/wp-json\/wp\/v2\/product_cat?post=1546"},{"taxonomy":"product_tag","embeddable":true,"href":"https:\/\/woo.smartel.com.uy\/uy\/wp-json\/wp\/v2\/product_tag?post=1546"}],"curies":[{"name":"wp","href":"https:\/\/api.w.org\/{rel}","templated":true}]}}