{"id":1682,"date":"2023-10-16T13:32:28","date_gmt":"2023-10-16T16:32:28","guid":{"rendered":"https:\/\/woo.smartel.com.uy\/uy\/product\/alarma-para-auto-con-muchas-funciones-mx-k03-12v\/"},"modified":"2025-10-24T16:28:16","modified_gmt":"2025-10-24T19:28:16","slug":"alarma-para-auto-con-muchas-funciones-mx-k03-12v","status":"publish","type":"product","link":"https:\/\/woo.smartel.com.uy\/uy\/product\/alarma-para-auto-con-muchas-funciones-mx-k03-12v\/","title":{"rendered":"Alarma para auto con muchas funciones MX-K03 12V"},"content":{"rendered":"<p>Lista de funciones del MX-K03<br \/>\nSensor de choque de salida \tArmar \/ desarmar a distancia \tLocalizaci\u00f3n remota de autom\u00f3viles<br \/>\nModo de alarma silenciosa \tAuto-armado \tFunci\u00f3n anti-robo<br \/>\nMemoria de alarma \tCierre centralizado autom\u00e1tico \tAdvertencia de situaci\u00f3n anormal.<br \/>\nCerradura electr\u00f3nica \/ compresor de aire \tAviso de cierre incorrecto de puertas. \tSensor de choque de 2 etapas, alerta por diferentes impactos.<br \/>\nProtecci\u00f3n de c\u00f3digo anti-escaneo \tTransmisores de 3 o 4 botones. \tFunci\u00f3n de reinicio<br \/>\nFunci\u00f3n de liberaci\u00f3n remota del tronco \tFunci\u00f3n de cierre de ventana \tDesarmado de emergencia (anular el interruptor)<br \/>\nSensor de choque incorporado \tModo de valet \tSensor de choque ON \/ OFF<br \/>\nGatillo de puerta ON \/ OFF<\/p>\n","protected":false},"excerpt":{"rendered":"<p>Lista de funciones del MX-K03 Sensor de choque de salida Armar \/ desarmar a distancia Localizaci\u00f3n remota de autom\u00f3viles Modo de alarma silenciosa Auto-armado Funci\u00f3n anti-robo Memoria de alarma Cierre centralizado autom\u00e1tico Advertencia de situaci\u00f3n anormal. Cerradura electr\u00f3nica \/ compresor de aire Aviso de cierre incorrecto de puertas. Sensor de&hellip; <\/p>\n","protected":false},"featured_media":1955,"comment_status":"open","ping_status":"closed","template":"","meta":{"content-type":""},"product_brand":[],"product_cat":[40],"product_tag":[],"class_list":{"0":"post-1682","1":"product","2":"type-product","3":"status-publish","4":"has-post-thumbnail","6":"product_cat-autos","8":"first","9":"instock","10":"taxable","11":"shipping-taxable","12":"purchasable","13":"product-type-simple"},"_links":{"self":[{"href":"https:\/\/woo.smartel.com.uy\/uy\/wp-json\/wp\/v2\/product\/1682","targetHints":{"allow":["GET"]}}],"collection":[{"href":"https:\/\/woo.smartel.com.uy\/uy\/wp-json\/wp\/v2\/product"}],"about":[{"href":"https:\/\/woo.smartel.com.uy\/uy\/wp-json\/wp\/v2\/types\/product"}],"replies":[{"embeddable":true,"href":"https:\/\/woo.smartel.com.uy\/uy\/wp-json\/wp\/v2\/comments?post=1682"}],"wp:featuredmedia":[{"embeddable":true,"href":"https:\/\/woo.smartel.com.uy\/uy\/wp-json\/wp\/v2\/media\/1955"}],"wp:attachment":[{"href":"https:\/\/woo.smartel.com.uy\/uy\/wp-json\/wp\/v2\/media?parent=1682"}],"wp:term":[{"taxonomy":"product_brand","embeddable":true,"href":"https:\/\/woo.smartel.com.uy\/uy\/wp-json\/wp\/v2\/product_brand?post=1682"},{"taxonomy":"product_cat","embeddable":true,"href":"https:\/\/woo.smartel.com.uy\/uy\/wp-json\/wp\/v2\/product_cat?post=1682"},{"taxonomy":"product_tag","embeddable":true,"href":"https:\/\/woo.smartel.com.uy\/uy\/wp-json\/wp\/v2\/product_tag?post=1682"}],"curies":[{"name":"wp","href":"https:\/\/api.w.org\/{rel}","templated":true}]}}