{"id":1683,"date":"2023-10-16T13:32:31","date_gmt":"2023-10-16T16:32:31","guid":{"rendered":"https:\/\/woo.smartel.com.uy\/uy\/product\/camara-de-vision-trasera-con-sensores-de-estacionamiento\/"},"modified":"2026-01-29T23:58:42","modified_gmt":"2026-01-30T02:58:42","slug":"camara-de-vision-trasera-con-sensores-de-estacionamiento","status":"publish","type":"product","link":"https:\/\/woo.smartel.com.uy\/uy\/product\/camara-de-vision-trasera-con-sensores-de-estacionamiento\/","title":{"rendered":"C\u00e1mara de visi\u00f3n trasera con sensores de estacionamiento"},"content":{"rendered":"<p>Alimentaci\u00f3n: 12DCV<br \/>\nConsumo de energ\u00eda: Max. 2.5W<br \/>\nDistancia de respuesta: 0.4-2.0m<br \/>\nDistancia de alarma: 0m-2m<br \/>\nModo de visualizaci\u00f3n: 4.3 \u00abTFT-LCD<br \/>\nResoluci\u00f3n de pantalla: 480 (W) xRGBx234 (H)<br \/>\nP\u00edxeles de la c\u00e1mara: 648 * 488 p\u00edxeles<br \/>\nEntrada de video: bidireccional (V1 y V2)<br \/>\nDi\u00e1metro del sensor: 22mm<br \/>\nModo de instalaci\u00f3n: taladro<br \/>\n\u00c1ngulo del sensor: X, Y, 60 \u00b0<br \/>\nTemperatura de trabajo: -30 &#8211; + 80<br \/>\nTipo de alarma: bibi<br \/>\nVolumen de alarma: 65 db<\/p>\n<p>Funci\u00f3n<br \/>\n1, pantalla digital TFT LCD de 4.3 pulgadas<br \/>\n2, entrada de video: 2 v\u00edas de video<br \/>\n3, alarma por sonido Bibi de tres pasos.<br \/>\n4, muestra la distancia y la imagen en la pantalla<\/p>\n","protected":false},"excerpt":{"rendered":"<p>Alimentaci\u00f3n: 12DCV Consumo de energ\u00eda: Max. 2.5W Distancia de respuesta: 0.4-2.0m Distancia de alarma: 0m-2m Modo de visualizaci\u00f3n: 4.3 \u00abTFT-LCD Resoluci\u00f3n de pantalla: 480 (W) xRGBx234 (H) P\u00edxeles de la c\u00e1mara: 648 * 488 p\u00edxeles Entrada de video: bidireccional (V1 y V2) Di\u00e1metro del sensor: 22mm Modo de instalaci\u00f3n: taladro&hellip; <\/p>\n","protected":false},"featured_media":2560,"comment_status":"open","ping_status":"closed","template":"","meta":{"content-type":""},"product_brand":[],"product_cat":[40],"product_tag":[],"class_list":{"0":"post-1683","1":"product","2":"type-product","3":"status-publish","4":"has-post-thumbnail","6":"product_cat-autos","8":"first","9":"instock","10":"taxable","11":"shipping-taxable","12":"purchasable","13":"product-type-simple"},"_links":{"self":[{"href":"https:\/\/woo.smartel.com.uy\/uy\/wp-json\/wp\/v2\/product\/1683","targetHints":{"allow":["GET"]}}],"collection":[{"href":"https:\/\/woo.smartel.com.uy\/uy\/wp-json\/wp\/v2\/product"}],"about":[{"href":"https:\/\/woo.smartel.com.uy\/uy\/wp-json\/wp\/v2\/types\/product"}],"replies":[{"embeddable":true,"href":"https:\/\/woo.smartel.com.uy\/uy\/wp-json\/wp\/v2\/comments?post=1683"}],"wp:featuredmedia":[{"embeddable":true,"href":"https:\/\/woo.smartel.com.uy\/uy\/wp-json\/wp\/v2\/media\/2560"}],"wp:attachment":[{"href":"https:\/\/woo.smartel.com.uy\/uy\/wp-json\/wp\/v2\/media?parent=1683"}],"wp:term":[{"taxonomy":"product_brand","embeddable":true,"href":"https:\/\/woo.smartel.com.uy\/uy\/wp-json\/wp\/v2\/product_brand?post=1683"},{"taxonomy":"product_cat","embeddable":true,"href":"https:\/\/woo.smartel.com.uy\/uy\/wp-json\/wp\/v2\/product_cat?post=1683"},{"taxonomy":"product_tag","embeddable":true,"href":"https:\/\/woo.smartel.com.uy\/uy\/wp-json\/wp\/v2\/product_tag?post=1683"}],"curies":[{"name":"wp","href":"https:\/\/api.w.org\/{rel}","templated":true}]}}