{"id":1684,"date":"2023-10-16T13:32:34","date_gmt":"2023-10-16T16:32:34","guid":{"rendered":"https:\/\/woo.smartel.com.uy\/uy\/product\/alarma-para-vehiculo-con-sistema-de-bloqueo-de-puertas\/"},"modified":"2026-02-02T09:43:23","modified_gmt":"2026-02-02T12:43:23","slug":"alarma-para-vehiculo-con-sistema-de-bloqueo-de-puertas","status":"publish","type":"product","link":"https:\/\/woo.smartel.com.uy\/uy\/product\/alarma-para-vehiculo-con-sistema-de-bloqueo-de-puertas\/","title":{"rendered":"Alarma para veh\u00edculo con sistema de bloqueo de puertas"},"content":{"rendered":"<p>UNIDAD PRINCIPAL<\/p>\n<p>Corriente de salida: luz de se\u00f1al: 5A * 2, sirena 10A, cierre centralizado 10A<\/p>\n<p>Codificaci\u00f3n: c\u00f3digo de aprendizaje<\/p>\n<p>Voltaje: 12 + 2V<\/p>\n<p>Corriente est\u00e1tica: &lt;15mA (excepto indicador, sensor)<\/p>\n<p>Indicador de corriente: 20mA intermitentemente<\/p>\n<p>Corriente del sensor de choque:  1 mill\u00f3n<\/p>\n","protected":false},"excerpt":{"rendered":"<p>UNIDAD PRINCIPAL Corriente de salida: luz de se\u00f1al: 5A * 2, sirena 10A, cierre centralizado 10A Codificaci\u00f3n: c\u00f3digo de aprendizaje Voltaje: 12 + 2V Corriente est\u00e1tica: &lt;15mA (excepto indicador, sensor) Indicador de corriente: 20mA intermitentemente Corriente del sensor de choque: 1 mill\u00f3n<\/p>\n","protected":false},"featured_media":1989,"comment_status":"open","ping_status":"closed","template":"","meta":{"content-type":""},"product_brand":[],"product_cat":[40],"product_tag":[],"class_list":{"0":"post-1684","1":"product","2":"type-product","3":"status-publish","4":"has-post-thumbnail","6":"product_cat-autos","8":"first","9":"instock","10":"taxable","11":"shipping-taxable","12":"purchasable","13":"product-type-simple"},"_links":{"self":[{"href":"https:\/\/woo.smartel.com.uy\/uy\/wp-json\/wp\/v2\/product\/1684","targetHints":{"allow":["GET"]}}],"collection":[{"href":"https:\/\/woo.smartel.com.uy\/uy\/wp-json\/wp\/v2\/product"}],"about":[{"href":"https:\/\/woo.smartel.com.uy\/uy\/wp-json\/wp\/v2\/types\/product"}],"replies":[{"embeddable":true,"href":"https:\/\/woo.smartel.com.uy\/uy\/wp-json\/wp\/v2\/comments?post=1684"}],"wp:featuredmedia":[{"embeddable":true,"href":"https:\/\/woo.smartel.com.uy\/uy\/wp-json\/wp\/v2\/media\/1989"}],"wp:attachment":[{"href":"https:\/\/woo.smartel.com.uy\/uy\/wp-json\/wp\/v2\/media?parent=1684"}],"wp:term":[{"taxonomy":"product_brand","embeddable":true,"href":"https:\/\/woo.smartel.com.uy\/uy\/wp-json\/wp\/v2\/product_brand?post=1684"},{"taxonomy":"product_cat","embeddable":true,"href":"https:\/\/woo.smartel.com.uy\/uy\/wp-json\/wp\/v2\/product_cat?post=1684"},{"taxonomy":"product_tag","embeddable":true,"href":"https:\/\/woo.smartel.com.uy\/uy\/wp-json\/wp\/v2\/product_tag?post=1684"}],"curies":[{"name":"wp","href":"https:\/\/api.w.org\/{rel}","templated":true}]}}