{"id":1794,"date":"2023-10-16T13:37:55","date_gmt":"2023-10-16T16:37:55","guid":{"rendered":"https:\/\/woo.smartel.com.uy\/uy\/product\/medidor-de-panel-ac80-260v-0-20a-4-en-1-lcd\/"},"modified":"2025-04-09T16:30:07","modified_gmt":"2025-04-09T19:30:07","slug":"medidor-de-panel-ac80-260v-0-20a-4-en-1-lcd","status":"publish","type":"product","link":"https:\/\/woo.smartel.com.uy\/uy\/product\/medidor-de-panel-ac80-260v-0-20a-4-en-1-lcd\/","title":{"rendered":"Medidor de panel AC80 ~ 260V 0 ~ 20A 4 en 1 LCD"},"content":{"rendered":"<p>Medidor Contador Toma Consumo El\u00e9ctrico 220v 20 A.<\/p>\n<p>Medidor LCD para medir consumo y otros valores<br \/>\nMide consumo el\u00e9ctrico al igual que el de UTE (en Kwh)<br \/>\nMide Potencia en watts<br \/>\nMide Corriente en Amperes<br \/>\nMide Tensi\u00f3n en Volts<\/p>\n<p>Especificaciones t\u00e9cnicas:<br \/>\nTensi\u00f3n de 80 a 270 V AC<br \/>\nM\u00e1xima corriente 20A\/4600W<br \/>\nFrecuencia de operaci\u00f3n 45-65Hz<\/p>\n","protected":false},"excerpt":{"rendered":"<p>Medidor Contador Toma Consumo El\u00e9ctrico 220v 20 A. Medidor LCD para medir consumo y otros valores Mide consumo el\u00e9ctrico al igual que el de UTE (en Kwh) Mide Potencia en watts Mide Corriente en Amperes Mide Tensi\u00f3n en Volts Especificaciones t\u00e9cnicas: Tensi\u00f3n de 80 a 270 V AC M\u00e1xima corriente&hellip; <\/p>\n","protected":false},"featured_media":2932,"comment_status":"open","ping_status":"closed","template":"","meta":{"content-type":""},"product_brand":[],"product_cat":[43,45],"product_tag":[],"class_list":{"0":"post-1794","1":"product","2":"type-product","3":"status-publish","4":"has-post-thumbnail","6":"product_cat-electricidad","7":"product_cat-electro","9":"first","10":"instock","11":"taxable","12":"shipping-taxable","13":"purchasable","14":"product-type-simple"},"_links":{"self":[{"href":"https:\/\/woo.smartel.com.uy\/uy\/wp-json\/wp\/v2\/product\/1794","targetHints":{"allow":["GET"]}}],"collection":[{"href":"https:\/\/woo.smartel.com.uy\/uy\/wp-json\/wp\/v2\/product"}],"about":[{"href":"https:\/\/woo.smartel.com.uy\/uy\/wp-json\/wp\/v2\/types\/product"}],"replies":[{"embeddable":true,"href":"https:\/\/woo.smartel.com.uy\/uy\/wp-json\/wp\/v2\/comments?post=1794"}],"wp:featuredmedia":[{"embeddable":true,"href":"https:\/\/woo.smartel.com.uy\/uy\/wp-json\/wp\/v2\/media\/2932"}],"wp:attachment":[{"href":"https:\/\/woo.smartel.com.uy\/uy\/wp-json\/wp\/v2\/media?parent=1794"}],"wp:term":[{"taxonomy":"product_brand","embeddable":true,"href":"https:\/\/woo.smartel.com.uy\/uy\/wp-json\/wp\/v2\/product_brand?post=1794"},{"taxonomy":"product_cat","embeddable":true,"href":"https:\/\/woo.smartel.com.uy\/uy\/wp-json\/wp\/v2\/product_cat?post=1794"},{"taxonomy":"product_tag","embeddable":true,"href":"https:\/\/woo.smartel.com.uy\/uy\/wp-json\/wp\/v2\/product_tag?post=1794"}],"curies":[{"name":"wp","href":"https:\/\/api.w.org\/{rel}","templated":true}]}}