{"id":5438,"date":"2026-02-14T12:26:13","date_gmt":"2026-02-14T15:26:13","guid":{"rendered":"https:\/\/woo.smartel.com.uy\/uy\/product\/ups-mow-650va-390w-220v-2-schukos-negro-ea20065\/"},"modified":"2026-02-14T12:33:09","modified_gmt":"2026-02-14T15:33:09","slug":"ups-mow-650va-390w-220v-2-schukos-negro-ea20065","status":"publish","type":"product","link":"https:\/\/woo.smartel.com.uy\/uy\/product\/ups-mow-650va-390w-220v-2-schukos-negro-ea20065\/","title":{"rendered":"UPS MOW 650VA 390W 220V 2 Schukos Negro EA20065"},"content":{"rendered":"<p>El UPS MOW de 650VA modelo EA20065 es un sistema de alimentaci\u00f3n ininterrumpida dise\u00f1ado para proteger equipos electr\u00f3nicos sensibles de sobretensiones, cortes de energ\u00eda y otros problemas el\u00e9ctricos. Este modelo funciona con una entrada de 220V y tiene una capacidad de 650VA\/360W. Tambi\u00e9n cuenta con una bater\u00eda de respaldo que proporciona energ\u00eda temporal para permitir la correcta desconexi\u00f3n del equipo en caso de un corte de energ\u00eda. Adem\u00e1s, el UPS MOW EA20065 tiene una pantalla LED para monitorear el estado del dispositivo y una alarma audible que indica el estado de la energ\u00eda de entrada y la bater\u00eda. Este UPS es adecuado para proteger equipos de oficina, servidores, computadoras personales y otros dispositivos electr\u00f3nicos similares.<\/p>\n","protected":false},"excerpt":{"rendered":"<p>El UPS MOW de 650VA modelo EA20065 es un sistema de alimentaci\u00f3n ininterrumpida dise\u00f1ado para proteger equipos electr\u00f3nicos sensibles de sobretensiones, cortes de energ\u00eda y otros problemas el\u00e9ctricos. Este modelo funciona con una entrada de 220V y tiene una capacidad de 650VA\/360W. Tambi\u00e9n cuenta con una bater\u00eda de respaldo que&hellip; <\/p>\n","protected":false},"featured_media":5439,"comment_status":"open","ping_status":"closed","template":"","meta":{"content-type":""},"product_brand":[],"product_cat":[85],"product_tag":[],"class_list":{"0":"post-5438","1":"product","2":"type-product","3":"status-publish","4":"has-post-thumbnail","6":"product_cat-fuente-de-poder","8":"first","9":"instock","10":"taxable","11":"shipping-taxable","12":"purchasable","13":"product-type-simple"},"_links":{"self":[{"href":"https:\/\/woo.smartel.com.uy\/uy\/wp-json\/wp\/v2\/product\/5438","targetHints":{"allow":["GET"]}}],"collection":[{"href":"https:\/\/woo.smartel.com.uy\/uy\/wp-json\/wp\/v2\/product"}],"about":[{"href":"https:\/\/woo.smartel.com.uy\/uy\/wp-json\/wp\/v2\/types\/product"}],"replies":[{"embeddable":true,"href":"https:\/\/woo.smartel.com.uy\/uy\/wp-json\/wp\/v2\/comments?post=5438"}],"wp:featuredmedia":[{"embeddable":true,"href":"https:\/\/woo.smartel.com.uy\/uy\/wp-json\/wp\/v2\/media\/5439"}],"wp:attachment":[{"href":"https:\/\/woo.smartel.com.uy\/uy\/wp-json\/wp\/v2\/media?parent=5438"}],"wp:term":[{"taxonomy":"product_brand","embeddable":true,"href":"https:\/\/woo.smartel.com.uy\/uy\/wp-json\/wp\/v2\/product_brand?post=5438"},{"taxonomy":"product_cat","embeddable":true,"href":"https:\/\/woo.smartel.com.uy\/uy\/wp-json\/wp\/v2\/product_cat?post=5438"},{"taxonomy":"product_tag","embeddable":true,"href":"https:\/\/woo.smartel.com.uy\/uy\/wp-json\/wp\/v2\/product_tag?post=5438"}],"curies":[{"name":"wp","href":"https:\/\/api.w.org\/{rel}","templated":true}]}}