{"id":5481,"date":"2026-03-04T14:01:15","date_gmt":"2026-03-04T17:01:15","guid":{"rendered":"https:\/\/woo.smartel.com.uy\/uy\/product\/surecom-sw-102-medidor-de-roe-vhf-uhf-120w\/"},"modified":"2026-03-04T14:01:17","modified_gmt":"2026-03-04T17:01:17","slug":"surecom-sw-102-medidor-de-roe-vhf-uhf-120w","status":"publish","type":"product","link":"https:\/\/woo.smartel.com.uy\/uy\/product\/surecom-sw-102-medidor-de-roe-vhf-uhf-120w\/","title":{"rendered":"SURECOM SW-102 Medidor de ROE VHF\/UHF 120W"},"content":{"rendered":"<p>Medidor digital con bater\u00eda de Ion-Litio de ROE (estacionarias) y Wat\u00edmetro para VHF y UHF desde 125 a 525 MHz dispone de frecuenc\u00edmetro y los conectores laterales son de tipo \u00abN\u00bb e incluye cargador USB y adaptador para 220V.<\/p>\n<p>Caracter\u00edsticas:<\/p>\n<p>\u2022 M\u00e1xima potencia de entrada: 120 W<br \/>\n\u2022 VSWR: 1.00 \u2013 19.99<br \/>\n\u2022 Rango de frecuencia: 125 Mhz a 525 Mhz<br \/>\n\u2022 Alimentaci\u00f3n externa: 5 VCC (micro USB)<br \/>\n\u2022 Contador de frecuencia: +-0.1 kHz (+-5%)<br \/>\n\u2022 Bater\u00eda interna: Ion-Litio 3.7 V<br \/>\n\u2022 Impedancia de entrada \/ salida: 50 Ohm<br \/>\n\u2022 Apagado autom\u00e1tico: 1 \u2013 9 minutos<br \/>\n\u2022 Dimensiones sin conectores: 70 x 75 x 35 mm<br \/>\n\u2022 Tipo de conectores de entrada y salida: N (SL 16) \/ SO239<br \/>\n\u2022 Peso: 220 g. aprox.<\/p>\n<p>El pack incluye: medidor SW-102, cable USB de carga, alimentador AC\/DC y manual de instrucciones.<\/p>\n","protected":false},"excerpt":{"rendered":"<p>Medidor digital con bater\u00eda de Ion-Litio de ROE (estacionarias) y Wat\u00edmetro para VHF y UHF desde 125 a 525 MHz dispone de frecuenc\u00edmetro y los conectores laterales son de tipo \u00abN\u00bb e incluye cargador USB y adaptador para 220V. Caracter\u00edsticas: \u2022 M\u00e1xima potencia de entrada: 120 W \u2022 VSWR: 1.00&hellip; <\/p>\n","protected":false},"featured_media":5480,"comment_status":"open","ping_status":"closed","template":"","meta":{"content-type":""},"product_brand":[],"product_cat":[55],"product_tag":[],"class_list":{"0":"post-5481","1":"product","2":"type-product","3":"status-publish","4":"has-post-thumbnail","6":"product_cat-antenas","8":"first","9":"instock","10":"taxable","11":"shipping-taxable","12":"purchasable","13":"product-type-simple"},"_links":{"self":[{"href":"https:\/\/woo.smartel.com.uy\/uy\/wp-json\/wp\/v2\/product\/5481","targetHints":{"allow":["GET"]}}],"collection":[{"href":"https:\/\/woo.smartel.com.uy\/uy\/wp-json\/wp\/v2\/product"}],"about":[{"href":"https:\/\/woo.smartel.com.uy\/uy\/wp-json\/wp\/v2\/types\/product"}],"replies":[{"embeddable":true,"href":"https:\/\/woo.smartel.com.uy\/uy\/wp-json\/wp\/v2\/comments?post=5481"}],"wp:featuredmedia":[{"embeddable":true,"href":"https:\/\/woo.smartel.com.uy\/uy\/wp-json\/wp\/v2\/media\/5480"}],"wp:attachment":[{"href":"https:\/\/woo.smartel.com.uy\/uy\/wp-json\/wp\/v2\/media?parent=5481"}],"wp:term":[{"taxonomy":"product_brand","embeddable":true,"href":"https:\/\/woo.smartel.com.uy\/uy\/wp-json\/wp\/v2\/product_brand?post=5481"},{"taxonomy":"product_cat","embeddable":true,"href":"https:\/\/woo.smartel.com.uy\/uy\/wp-json\/wp\/v2\/product_cat?post=5481"},{"taxonomy":"product_tag","embeddable":true,"href":"https:\/\/woo.smartel.com.uy\/uy\/wp-json\/wp\/v2\/product_tag?post=5481"}],"curies":[{"name":"wp","href":"https:\/\/api.w.org\/{rel}","templated":true}]}}