{"id":5497,"date":"2026-03-18T09:23:27","date_gmt":"2026-03-18T12:23:27","guid":{"rendered":"https:\/\/woo.smartel.com.uy\/uy\/product\/transceptor-de-fibra-optica-25km-htb-3100-el-par\/"},"modified":"2026-03-18T09:23:59","modified_gmt":"2026-03-18T12:23:59","slug":"transceptor-de-fibra-optica-25km-htb-3100-el-par","status":"publish","type":"product","link":"https:\/\/woo.smartel.com.uy\/uy\/product\/transceptor-de-fibra-optica-25km-htb-3100-el-par\/","title":{"rendered":"Transceptor de Fibra \u00d3ptica 25KM HTB-3100 (el par)"},"content":{"rendered":"<p>Caracter\u00edstica:<\/p>\n<p>1.Un puerto RJ45 y un puerto \u00f3ptico SC de fibra \u00fanica para realizar la conversi\u00f3n de se\u00f1al \u00f3ptica entre par trenzado TX de 10\/100 base<\/p>\n<p>(Ethernet) y efectos de 100 bases (fibra \u00f3ptica);<\/p>\n<p>2.En comparaci\u00f3n con la transmisi\u00f3n de datos de doble fibra, la fibra central solo puede utilizar una forma de completar la transmisi\u00f3n de la se\u00f1al.<\/p>\n<p>M\u00f3dulo duplicado;<\/p>\n<p>3.Cumple con los est\u00e1ndares IEEE802.3 10Base-T y IEEE802.3u 100Base-TX, 100Base-FX;<\/p>\n<p>4.Con capacidad adaptable de 10M\/100M;<\/p>\n<p>5.La interfaz Ethernet se puede adaptar autom\u00e1ticamente para conexi\u00f3n directa\/conexi\u00f3n de cable de red cruzado;<\/p>\n<p>6.Admite modo full\/half d\u00faplex;<\/p>\n<p>7.Admite control de flujo d\u00faplex IEEE802.3X y control de flujo de contrapresi\u00f3n semid\u00faplex;<\/p>\n<p>8.1916 Byte admite grandes cuadros de datos (opcional);<\/p>\n<p>9.Circuito de protecci\u00f3n contra rayos incorporado, que puede reducir en gran medida el da\u00f1o causado por la inducci\u00f3n de rayos;<\/p>\n<p>10.UTP puede alcanzar los 100 metros; la fibra monomodo m\u00e1s larga es 100 kil\u00f3metros;<\/p>\n<p>11.Hay seis indicadores LED: Power, TX 100, TX Link\/Act, FX 100, FX Link\/Act, FDX\/Col; f\u00e1cil de monitorear<\/p>\n<p>El estado del transceptor y determinar la causa del fracaso;<\/p>\n<p>12.Hay dos modos de fuente de alimentaci\u00f3n: externo e interno: fuente de alimentaci\u00f3n conmutada AC100 ~ 265V\/DC5V;<\/p>\n<p>13.Temperatura de trabajo: 0~50 grados;<\/p>\n<p>14.Temperatura de almacenamiento: -40 ~ 70 grados;<\/p>\n<p>15.Dimensiones: 94 mm \u00d7 70 mm \u00d7 25 mm<\/p>\n<p>16. Embalaje: embalaje ESD, cart\u00f3n<\/p>\n","protected":false},"excerpt":{"rendered":"<p>Caracter\u00edstica: 1.Un puerto RJ45 y un puerto \u00f3ptico SC de fibra \u00fanica para realizar la conversi\u00f3n de se\u00f1al \u00f3ptica entre par trenzado TX de 10\/100 base (Ethernet) y efectos de 100 bases (fibra \u00f3ptica); 2.En comparaci\u00f3n con la transmisi\u00f3n de datos de doble fibra, la fibra central solo puede utilizar&hellip; <\/p>\n","protected":false},"featured_media":5498,"comment_status":"open","ping_status":"closed","template":"","meta":{"content-type":""},"product_brand":[],"product_cat":[53],"product_tag":[],"class_list":{"0":"post-5497","1":"product","2":"type-product","3":"status-publish","4":"has-post-thumbnail","6":"product_cat-info","8":"first","9":"instock","10":"taxable","11":"shipping-taxable","12":"purchasable","13":"product-type-simple"},"_links":{"self":[{"href":"https:\/\/woo.smartel.com.uy\/uy\/wp-json\/wp\/v2\/product\/5497","targetHints":{"allow":["GET"]}}],"collection":[{"href":"https:\/\/woo.smartel.com.uy\/uy\/wp-json\/wp\/v2\/product"}],"about":[{"href":"https:\/\/woo.smartel.com.uy\/uy\/wp-json\/wp\/v2\/types\/product"}],"replies":[{"embeddable":true,"href":"https:\/\/woo.smartel.com.uy\/uy\/wp-json\/wp\/v2\/comments?post=5497"}],"wp:featuredmedia":[{"embeddable":true,"href":"https:\/\/woo.smartel.com.uy\/uy\/wp-json\/wp\/v2\/media\/5498"}],"wp:attachment":[{"href":"https:\/\/woo.smartel.com.uy\/uy\/wp-json\/wp\/v2\/media?parent=5497"}],"wp:term":[{"taxonomy":"product_brand","embeddable":true,"href":"https:\/\/woo.smartel.com.uy\/uy\/wp-json\/wp\/v2\/product_brand?post=5497"},{"taxonomy":"product_cat","embeddable":true,"href":"https:\/\/woo.smartel.com.uy\/uy\/wp-json\/wp\/v2\/product_cat?post=5497"},{"taxonomy":"product_tag","embeddable":true,"href":"https:\/\/woo.smartel.com.uy\/uy\/wp-json\/wp\/v2\/product_tag?post=5497"}],"curies":[{"name":"wp","href":"https:\/\/api.w.org\/{rel}","templated":true}]}}