{"id":660,"date":"2023-10-16T12:43:56","date_gmt":"2023-10-16T15:43:56","guid":{"rendered":"https:\/\/woo.smartel.com.uy\/uy\/product\/reloj-que-mide-la-temperatura-corporal-con-alarma\/"},"modified":"2026-04-21T00:03:54","modified_gmt":"2026-04-21T03:03:54","slug":"reloj-que-mide-la-temperatura-corporal-con-alarma","status":"publish","type":"product","link":"https:\/\/woo.smartel.com.uy\/uy\/product\/reloj-que-mide-la-temperatura-corporal-con-alarma\/","title":{"rendered":"Reloj que mide la temperatura corporal con alarma"},"content":{"rendered":"<p>Descripci\u00f3n:<\/p>\n<p>1. Medici\u00f3n de la temperatura corporal: Medici\u00f3n autom\u00e1tica de la temperatura corporal durante todo el d\u00eda, cuando la temperatura se mide&gt; 37,3 \u2103, la pulsera se activar\u00e1 autom\u00e1ticamente alertando a la persona.<\/p>\n<p>2. Hora \/ Fecha \/<\/p>\n<p>3. La alarma de vibraci\u00f3n puede configurar dos grupos de alarmas<\/p>\n<p>4. Cron\u00f3grafo<\/p>\n<p>5. Bater\u00eda de pol\u00edmero de litio recargable, completamente cargada durante 30 d\u00edas<\/p>\n<p>Especificaciones del producto: Precisi\u00f3n de medici\u00f3n: \u00b1 0.1 \u2103 (medido debajo del bolsillo de l\u00edquido) Rango de medici\u00f3n: 30 ~ 45 \u2103<\/p>\n<p>M\u00e9todo r\u00e1pido: motor de vibraci\u00f3n Pantalla de visualizaci\u00f3n: pantalla de luz LED<\/p>\n<p>Nivel impermeable: IPX57<\/p>\n<p>Tensi\u00f3n de carga: DC = 5V (el usb incorporado se puede conectar al tesoro de carga para cargar)<\/p>\n<p>Material del producto: correa de silicona de protecci\u00f3n ambiental + carcasa ABS Capacidad de la bater\u00eda: 55 mAh 3,7 V<\/p>\n","protected":false},"excerpt":{"rendered":"<p>Descripci\u00f3n: 1. Medici\u00f3n de la temperatura corporal: Medici\u00f3n autom\u00e1tica de la temperatura corporal durante todo el d\u00eda, cuando la temperatura se mide&gt; 37,3 \u2103, la pulsera se activar\u00e1 autom\u00e1ticamente alertando a la persona. 2. Hora \/ Fecha \/ 3. La alarma de vibraci\u00f3n puede configurar dos grupos de alarmas 4.&hellip; <\/p>\n","protected":false},"featured_media":2053,"comment_status":"open","ping_status":"closed","template":"","meta":{"content-type":""},"product_brand":[],"product_cat":[15],"product_tag":[],"class_list":{"0":"post-660","1":"product","2":"type-product","3":"status-publish","4":"has-post-thumbnail","6":"product_cat-varios","8":"first","9":"instock","10":"taxable","11":"shipping-taxable","12":"purchasable","13":"product-type-simple"},"_links":{"self":[{"href":"https:\/\/woo.smartel.com.uy\/uy\/wp-json\/wp\/v2\/product\/660","targetHints":{"allow":["GET"]}}],"collection":[{"href":"https:\/\/woo.smartel.com.uy\/uy\/wp-json\/wp\/v2\/product"}],"about":[{"href":"https:\/\/woo.smartel.com.uy\/uy\/wp-json\/wp\/v2\/types\/product"}],"replies":[{"embeddable":true,"href":"https:\/\/woo.smartel.com.uy\/uy\/wp-json\/wp\/v2\/comments?post=660"}],"wp:featuredmedia":[{"embeddable":true,"href":"https:\/\/woo.smartel.com.uy\/uy\/wp-json\/wp\/v2\/media\/2053"}],"wp:attachment":[{"href":"https:\/\/woo.smartel.com.uy\/uy\/wp-json\/wp\/v2\/media?parent=660"}],"wp:term":[{"taxonomy":"product_brand","embeddable":true,"href":"https:\/\/woo.smartel.com.uy\/uy\/wp-json\/wp\/v2\/product_brand?post=660"},{"taxonomy":"product_cat","embeddable":true,"href":"https:\/\/woo.smartel.com.uy\/uy\/wp-json\/wp\/v2\/product_cat?post=660"},{"taxonomy":"product_tag","embeddable":true,"href":"https:\/\/woo.smartel.com.uy\/uy\/wp-json\/wp\/v2\/product_tag?post=660"}],"curies":[{"name":"wp","href":"https:\/\/api.w.org\/{rel}","templated":true}]}}