{"id":698,"date":"2023-10-16T12:45:47","date_gmt":"2023-10-16T15:45:47","guid":{"rendered":"https:\/\/woo.smartel.com.uy\/uy\/product\/fuente-de-poder-220v-13-8v-16a-c-cargador-switching\/"},"modified":"2026-02-06T09:30:29","modified_gmt":"2026-02-06T12:30:29","slug":"fuente-de-poder-220v-13-8v-16a-c-cargador-switching","status":"publish","type":"product","link":"https:\/\/woo.smartel.com.uy\/uy\/product\/fuente-de-poder-220v-13-8v-16a-c-cargador-switching\/","title":{"rendered":"Fuente de Poder 220V \/13.8V 30A"},"content":{"rendered":"<p style=\"text-align: justify\"><strong>Mayor eficiencia<\/strong>: Convierten la energ\u00eda el\u00e9ctrica con una eficiencia del 70% al 95%, lo que resulta en menos desperdicio de energ\u00eda en forma de calor.<\/p>\n<p style=\"text-align: justify\"><strong>Menor generaci\u00f3n de calor<\/strong>: La alta eficiencia reduce la necesidad de sistemas de refrigeraci\u00f3n voluminosos y ayuda a prolongar la vida \u00fatil de los dispositivos.<\/p>\n<p style=\"text-align: justify\"><strong>Ahorro econ\u00f3mico<\/strong>: Un menor consumo de energ\u00eda puede llevar a un ahorro en los recibos de electricidad a largo plazo.<\/p>\n<p style=\"text-align: justify\"><strong>Tama\u00f1o y peso\u00a0Dimensiones reducidas<\/strong>: Utilizan transformadores y filtros m\u00e1s peque\u00f1os debido a la alta frecuencia de conmutaci\u00f3n.<\/p>\n<p style=\"text-align: justify\"><strong>Menor peso<\/strong>: Son m\u00e1s ligeras en comparaci\u00f3n con las fuentes lineales tradicionales.<\/p>\n<p style=\"text-align: justify\"><strong>Flexibilidad y versatilidad Amplio rango de tensi\u00f3n de entrada<\/strong>: Pueden operar con una amplia variedad de tensiones de entrada, como de 100 a 240V, lo que las hace \u00fatiles para aplicaciones globales.<\/p>\n<p style=\"text-align: justify\"><strong>Funciones de seguridad:<\/strong> incluye protecci\u00f3n contra cortocircuitos, sobretensi\u00f3n y sobrecorriente.<\/p>\n","protected":false},"excerpt":{"rendered":"<p>Para equipos de comunicaciones<\/p>\n","protected":false},"featured_media":4958,"comment_status":"open","ping_status":"closed","template":"","meta":{"content-type":""},"product_brand":[],"product_cat":[85],"product_tag":[],"class_list":{"0":"post-698","1":"product","2":"type-product","3":"status-publish","4":"has-post-thumbnail","6":"product_cat-fuente-de-poder","8":"first","9":"instock","10":"taxable","11":"shipping-taxable","12":"purchasable","13":"product-type-simple"},"_links":{"self":[{"href":"https:\/\/woo.smartel.com.uy\/uy\/wp-json\/wp\/v2\/product\/698","targetHints":{"allow":["GET"]}}],"collection":[{"href":"https:\/\/woo.smartel.com.uy\/uy\/wp-json\/wp\/v2\/product"}],"about":[{"href":"https:\/\/woo.smartel.com.uy\/uy\/wp-json\/wp\/v2\/types\/product"}],"replies":[{"embeddable":true,"href":"https:\/\/woo.smartel.com.uy\/uy\/wp-json\/wp\/v2\/comments?post=698"}],"wp:featuredmedia":[{"embeddable":true,"href":"https:\/\/woo.smartel.com.uy\/uy\/wp-json\/wp\/v2\/media\/4958"}],"wp:attachment":[{"href":"https:\/\/woo.smartel.com.uy\/uy\/wp-json\/wp\/v2\/media?parent=698"}],"wp:term":[{"taxonomy":"product_brand","embeddable":true,"href":"https:\/\/woo.smartel.com.uy\/uy\/wp-json\/wp\/v2\/product_brand?post=698"},{"taxonomy":"product_cat","embeddable":true,"href":"https:\/\/woo.smartel.com.uy\/uy\/wp-json\/wp\/v2\/product_cat?post=698"},{"taxonomy":"product_tag","embeddable":true,"href":"https:\/\/woo.smartel.com.uy\/uy\/wp-json\/wp\/v2\/product_tag?post=698"}],"curies":[{"name":"wp","href":"https:\/\/api.w.org\/{rel}","templated":true}]}}