{"id":770,"date":"2023-10-16T12:49:14","date_gmt":"2023-10-16T15:49:14","guid":{"rendered":"https:\/\/woo.smartel.com.uy\/uy\/product\/radio-vhf-banda-marina-25w-dsc-modelo-m507-con-antena\/"},"modified":"2024-12-24T12:28:22","modified_gmt":"2024-12-24T15:28:22","slug":"radio-vhf-banda-marina-25w-dsc-modelo-m507-con-antena","status":"publish","type":"product","link":"https:\/\/woo.smartel.com.uy\/uy\/product\/radio-vhf-banda-marina-25w-dsc-modelo-m507-con-antena\/","title":{"rendered":"Radio VHF banda marina 25w DSC modelo M507"},"content":{"rendered":"<p>VHF Radio Marina LT-M507 radio resistente al agua:<br \/>\nCaracter\u00edsticas principales:<br \/>\n1. Ver Doble y Triple-watch funciones<\/p>\n<p>2.  DSC integrada<\/p>\n<p>3.   La funci\u00f3n de canales favoritos<\/p>\n<p>4. Aqua de la  funci\u00f3n de drenaje de quake<\/p>\n<p>5.10 Clima Canales y  Alerta meteorol\u00f3gica<\/p>\n<p>6.   -Grandes y f\u00e1ciles de ver la pantalla LCD<\/p>\n<p>7. 1 metros de profundidad durante 30 minutos<\/p>\n<p>8.    La funci\u00f3n de receptor GPS externo<\/p>\n<p>9. DSC llamada  funci\u00f3n de respuesta autom\u00e1tica<\/p>\n<p>  Temporizador de reanudar la exploraci\u00f3n de 10<\/p>\n","protected":false},"excerpt":{"rendered":"<p>VHF Radio Marina LT-M507 radio resistente al agua: Caracter\u00edsticas principales: 1. Ver Doble y Triple-watch funciones 2. DSC integrada 3. La funci\u00f3n de canales favoritos 4. Aqua de la funci\u00f3n de drenaje de quake 5.10 Clima Canales y Alerta meteorol\u00f3gica 6. -Grandes y f\u00e1ciles de ver la pantalla LCD 7.&hellip; <\/p>\n","protected":false},"featured_media":2766,"comment_status":"open","ping_status":"closed","template":"","meta":{"content-type":""},"product_brand":[],"product_cat":[79,86],"product_tag":[],"class_list":{"0":"post-770","1":"product","2":"type-product","3":"status-publish","4":"has-post-thumbnail","6":"product_cat-marinos","7":"product_cat-vhf-uhf","9":"first","10":"instock","11":"taxable","12":"shipping-taxable","13":"purchasable","14":"product-type-simple"},"_links":{"self":[{"href":"https:\/\/woo.smartel.com.uy\/uy\/wp-json\/wp\/v2\/product\/770","targetHints":{"allow":["GET"]}}],"collection":[{"href":"https:\/\/woo.smartel.com.uy\/uy\/wp-json\/wp\/v2\/product"}],"about":[{"href":"https:\/\/woo.smartel.com.uy\/uy\/wp-json\/wp\/v2\/types\/product"}],"replies":[{"embeddable":true,"href":"https:\/\/woo.smartel.com.uy\/uy\/wp-json\/wp\/v2\/comments?post=770"}],"wp:featuredmedia":[{"embeddable":true,"href":"https:\/\/woo.smartel.com.uy\/uy\/wp-json\/wp\/v2\/media\/2766"}],"wp:attachment":[{"href":"https:\/\/woo.smartel.com.uy\/uy\/wp-json\/wp\/v2\/media?parent=770"}],"wp:term":[{"taxonomy":"product_brand","embeddable":true,"href":"https:\/\/woo.smartel.com.uy\/uy\/wp-json\/wp\/v2\/product_brand?post=770"},{"taxonomy":"product_cat","embeddable":true,"href":"https:\/\/woo.smartel.com.uy\/uy\/wp-json\/wp\/v2\/product_cat?post=770"},{"taxonomy":"product_tag","embeddable":true,"href":"https:\/\/woo.smartel.com.uy\/uy\/wp-json\/wp\/v2\/product_tag?post=770"}],"curies":[{"name":"wp","href":"https:\/\/api.w.org\/{rel}","templated":true}]}}