{"id":836,"date":"2023-10-16T12:52:15","date_gmt":"2023-10-16T15:52:15","guid":{"rendered":"https:\/\/woo.smartel.com.uy\/uy\/product\/body-cam-32gb-modelo-dsj-a800p\/"},"modified":"2026-03-25T12:53:10","modified_gmt":"2026-03-25T15:53:10","slug":"body-cam-32gb-modelo-dsj-a800p","status":"publish","type":"product","link":"https:\/\/woo.smartel.com.uy\/uy\/product\/body-cam-32gb-modelo-dsj-a800p\/","title":{"rendered":"Body Cam 32Gb modelo DSJ-A800P"},"content":{"rendered":"<p>Marca Smartel<br \/>\nModelos DSJ-A800P<\/p>\n<p>Tipos de sensores CMOS<br \/>\nFactor de zoom \u00f3ptico10 veces<br \/>\nP\u00edxeles del sensor 1200<br \/>\nTama\u00f1o de pantalla LCD 2,0 pulgadas<br \/>\nSoporte de resoluci\u00f3n1296P 1440P<\/p>\n<p>Lente \u00fanica<br \/>\nMedios de almacenamiento Tarjeta SD<br \/>\nP\u00edxeles efectivos est\u00e1ticos 1600<br \/>\nResoluci\u00f3n horizontal 1080 l\u00ednea<br \/>\nMicr\u00f3fono mono<br \/>\nSistema antivibraciones<br \/>\nEstabilizaci\u00f3n electr\u00f3nica de imagen<br \/>\nInterfaz USB USB 2.0<br \/>\nTipo de bater\u00eda Bater\u00eda de pol\u00edmero de litio<br \/>\nDuraci\u00f3n de la bater\u00eda Grabaci\u00f3n directa 14 horas<br \/>\nAlmacenamiento 32Gb<\/p>\n<p>Caracter\u00edsticas adicionales<br \/>\nFunci\u00f3n de c\u00e1mara, funci\u00f3n de grabaci\u00f3n<\/p>\n","protected":false},"excerpt":{"rendered":"<p>Marca Smartel Modelos DSJ-A800P Tipos de sensores CMOS Factor de zoom \u00f3ptico10 veces P\u00edxeles del sensor 1200 Tama\u00f1o de pantalla LCD 2,0 pulgadas Soporte de resoluci\u00f3n1296P 1440P Lente \u00fanica Medios de almacenamiento Tarjeta SD P\u00edxeles efectivos est\u00e1ticos 1600 Resoluci\u00f3n horizontal 1080 l\u00ednea Micr\u00f3fono mono Sistema antivibraciones Estabilizaci\u00f3n electr\u00f3nica de imagen&hellip; <\/p>\n","protected":false},"featured_media":3367,"comment_status":"open","ping_status":"closed","template":"","meta":{"content-type":""},"product_brand":[],"product_cat":[53],"product_tag":[],"class_list":{"0":"post-836","1":"product","2":"type-product","3":"status-publish","4":"has-post-thumbnail","6":"product_cat-info","8":"first","9":"instock","10":"taxable","11":"shipping-taxable","12":"purchasable","13":"product-type-simple"},"_links":{"self":[{"href":"https:\/\/woo.smartel.com.uy\/uy\/wp-json\/wp\/v2\/product\/836","targetHints":{"allow":["GET"]}}],"collection":[{"href":"https:\/\/woo.smartel.com.uy\/uy\/wp-json\/wp\/v2\/product"}],"about":[{"href":"https:\/\/woo.smartel.com.uy\/uy\/wp-json\/wp\/v2\/types\/product"}],"replies":[{"embeddable":true,"href":"https:\/\/woo.smartel.com.uy\/uy\/wp-json\/wp\/v2\/comments?post=836"}],"wp:featuredmedia":[{"embeddable":true,"href":"https:\/\/woo.smartel.com.uy\/uy\/wp-json\/wp\/v2\/media\/3367"}],"wp:attachment":[{"href":"https:\/\/woo.smartel.com.uy\/uy\/wp-json\/wp\/v2\/media?parent=836"}],"wp:term":[{"taxonomy":"product_brand","embeddable":true,"href":"https:\/\/woo.smartel.com.uy\/uy\/wp-json\/wp\/v2\/product_brand?post=836"},{"taxonomy":"product_cat","embeddable":true,"href":"https:\/\/woo.smartel.com.uy\/uy\/wp-json\/wp\/v2\/product_cat?post=836"},{"taxonomy":"product_tag","embeddable":true,"href":"https:\/\/woo.smartel.com.uy\/uy\/wp-json\/wp\/v2\/product_tag?post=836"}],"curies":[{"name":"wp","href":"https:\/\/api.w.org\/{rel}","templated":true}]}}