{"id":871,"date":"2023-10-16T12:53:42","date_gmt":"2023-10-16T15:53:42","guid":{"rendered":"https:\/\/woo.smartel.com.uy\/uy\/product\/antena-y-base-magnetica-hustler-usa-vhf-rum150\/"},"modified":"2026-04-14T16:48:43","modified_gmt":"2026-04-14T19:48:43","slug":"antena-y-base-magnetica-hustler-usa-vhf-rum150","status":"publish","type":"product","link":"https:\/\/woo.smartel.com.uy\/uy\/product\/antena-y-base-magnetica-hustler-usa-vhf-rum150\/","title":{"rendered":"Antena y base magn\u00e9tica HUSTLER 5\/8 VHF RUM150"},"content":{"rendered":"<p>Antena m\u00f3vil de la serie RUM en VHF con montaje magn\u00e9tico, \u00fanicamente requiere ser ajustada a su frecuencia de operaci\u00f3n. <\/p>\n<p>-Rango de Frecuencia: 148- 174 MHz.<br \/>\n-Ganancia: 3.4 dB.<br \/>\n-Potencia: 100 Watts.<br \/>\n-Longitud M\u00e1xima: 124 cm.<br \/>\n-Longitud de onda 5\/8<br \/>\n-Impedancia 50 Ohms<\/p>\n<p>-Incluye:<br \/>\n    Montaje Magn\u00e9tico.<br \/>\n    4.5 metros de cable RG-58U<br \/>\n    Conector UHF macho instalado de f\u00e1brica.<\/p>\n","protected":false},"excerpt":{"rendered":"<p>Antena m\u00f3vil de la serie RUM en VHF con montaje magn\u00e9tico, \u00fanicamente requiere ser ajustada a su frecuencia de operaci\u00f3n. -Rango de Frecuencia: 148- 174 MHz. -Ganancia: 3.4 dB. -Potencia: 100 Watts. -Longitud M\u00e1xima: 124 cm. -Longitud de onda 5\/8 -Impedancia 50 Ohms -Incluye: Montaje Magn\u00e9tico. 4.5 metros de cable&hellip; <\/p>\n","protected":false},"featured_media":2170,"comment_status":"open","ping_status":"closed","template":"","meta":{"content-type":""},"product_brand":[],"product_cat":[55],"product_tag":[],"class_list":{"0":"post-871","1":"product","2":"type-product","3":"status-publish","4":"has-post-thumbnail","6":"product_cat-antenas","8":"first","9":"instock","10":"taxable","11":"shipping-taxable","12":"purchasable","13":"product-type-simple"},"_links":{"self":[{"href":"https:\/\/woo.smartel.com.uy\/uy\/wp-json\/wp\/v2\/product\/871","targetHints":{"allow":["GET"]}}],"collection":[{"href":"https:\/\/woo.smartel.com.uy\/uy\/wp-json\/wp\/v2\/product"}],"about":[{"href":"https:\/\/woo.smartel.com.uy\/uy\/wp-json\/wp\/v2\/types\/product"}],"replies":[{"embeddable":true,"href":"https:\/\/woo.smartel.com.uy\/uy\/wp-json\/wp\/v2\/comments?post=871"}],"wp:featuredmedia":[{"embeddable":true,"href":"https:\/\/woo.smartel.com.uy\/uy\/wp-json\/wp\/v2\/media\/2170"}],"wp:attachment":[{"href":"https:\/\/woo.smartel.com.uy\/uy\/wp-json\/wp\/v2\/media?parent=871"}],"wp:term":[{"taxonomy":"product_brand","embeddable":true,"href":"https:\/\/woo.smartel.com.uy\/uy\/wp-json\/wp\/v2\/product_brand?post=871"},{"taxonomy":"product_cat","embeddable":true,"href":"https:\/\/woo.smartel.com.uy\/uy\/wp-json\/wp\/v2\/product_cat?post=871"},{"taxonomy":"product_tag","embeddable":true,"href":"https:\/\/woo.smartel.com.uy\/uy\/wp-json\/wp\/v2\/product_tag?post=871"}],"curies":[{"name":"wp","href":"https:\/\/api.w.org\/{rel}","templated":true}]}}