{"id":982,"date":"2023-10-16T12:58:40","date_gmt":"2023-10-16T15:58:40","guid":{"rendered":"https:\/\/woo.smartel.com.uy\/uy\/product\/radio-banda-marina-vhf-rs25m\/"},"modified":"2025-08-01T15:50:33","modified_gmt":"2025-08-01T18:50:33","slug":"radio-banda-marina-vhf-rs25m","status":"publish","type":"product","link":"https:\/\/woo.smartel.com.uy\/uy\/product\/radio-banda-marina-vhf-rs25m\/","title":{"rendered":"Radio banda marina VHF RS25M"},"content":{"rendered":"<p>Caracter\u00edsticas<br \/>\nConstrucci\u00f3n impermeable IPX7 (1 metro de profundidad de agua durante 30 minutos)<br \/>\nFlotador<br \/>\nCuerpo compacto, alto rendimiento<br \/>\nCargador de pared de 12V CC y 100-240V CA<br \/>\n10 canales meteorol\u00f3gicos NOAA<br \/>\nAhorro de bater\u00eda<br \/>\nFunci\u00f3n de escaneo<br \/>\nPotencia alta\/Baja seleccionable<br \/>\nReloj dual\/tri-watch<br \/>\nFunciona con pilas alcalinas est\u00e1ndar (no incluidas)<br \/>\n200 canales programables<br \/>\nFunci\u00f3n de canal de llamada<br \/>\nAhorro de energ\u00eda en 2 pasos<br \/>\nSelecci\u00f3n r\u00e1pida de canales con funci\u00f3n de canal favorito<br \/>\nFunci\u00f3n de drenaje vibratorio<br \/>\nAlarma flash de ca\u00edda de agua (opcional)<\/p>\n<p>Especificaciones<\/p>\n<p>Frecuencia: TX: 156.000-162.000MHz, RX: 156.000-163.275MHz<\/p>\n<p>Potencia de salida: 3W\/1W<\/p>\n<p>Grupo de canales: USA, INT, CAN<\/p>\n<p>Tipo de emisi\u00f3n: 16K0G3E(FM)<\/p>\n<p>Bater\u00eda:5 pilas recargables AAA NiMH de 850mAh<\/p>\n<p>Temperatura de funcionamiento: -20 \u2103 ~ + 60 \u2103<\/p>\n<p>Estabilidad de frecuencia: \u00b1 2.5ppm<\/p>\n<p>Dimensiones (WxHxD): 63 \u00d7 119 \u00d7 35mm<\/p>\n<p>Peso: 136G<\/p>\n","protected":false},"excerpt":{"rendered":"<p>Caracter\u00edsticas Construcci\u00f3n impermeable IPX7 (1 metro de profundidad de agua durante 30 minutos) Flotador Cuerpo compacto, alto rendimiento Cargador de pared de 12V CC y 100-240V CA 10 canales meteorol\u00f3gicos NOAA Ahorro de bater\u00eda Funci\u00f3n de escaneo Potencia alta\/Baja seleccionable Reloj dual\/tri-watch Funciona con pilas alcalinas est\u00e1ndar (no incluidas) 200&hellip; <\/p>\n","protected":false},"featured_media":2673,"comment_status":"open","ping_status":"closed","template":"","meta":{"content-type":""},"product_brand":[],"product_cat":[79,15],"product_tag":[],"class_list":{"0":"post-982","1":"product","2":"type-product","3":"status-publish","4":"has-post-thumbnail","6":"product_cat-marinos","7":"product_cat-varios","9":"first","10":"instock","11":"taxable","12":"shipping-taxable","13":"purchasable","14":"product-type-simple"},"_links":{"self":[{"href":"https:\/\/woo.smartel.com.uy\/uy\/wp-json\/wp\/v2\/product\/982","targetHints":{"allow":["GET"]}}],"collection":[{"href":"https:\/\/woo.smartel.com.uy\/uy\/wp-json\/wp\/v2\/product"}],"about":[{"href":"https:\/\/woo.smartel.com.uy\/uy\/wp-json\/wp\/v2\/types\/product"}],"replies":[{"embeddable":true,"href":"https:\/\/woo.smartel.com.uy\/uy\/wp-json\/wp\/v2\/comments?post=982"}],"wp:featuredmedia":[{"embeddable":true,"href":"https:\/\/woo.smartel.com.uy\/uy\/wp-json\/wp\/v2\/media\/2673"}],"wp:attachment":[{"href":"https:\/\/woo.smartel.com.uy\/uy\/wp-json\/wp\/v2\/media?parent=982"}],"wp:term":[{"taxonomy":"product_brand","embeddable":true,"href":"https:\/\/woo.smartel.com.uy\/uy\/wp-json\/wp\/v2\/product_brand?post=982"},{"taxonomy":"product_cat","embeddable":true,"href":"https:\/\/woo.smartel.com.uy\/uy\/wp-json\/wp\/v2\/product_cat?post=982"},{"taxonomy":"product_tag","embeddable":true,"href":"https:\/\/woo.smartel.com.uy\/uy\/wp-json\/wp\/v2\/product_tag?post=982"}],"curies":[{"name":"wp","href":"https:\/\/api.w.org\/{rel}","templated":true}]}}